{"id":501,"date":"2024-11-26T16:09:28","date_gmt":"2024-11-26T16:09:28","guid":{"rendered":"https:\/\/www.at-os.com\/?post_type=product&#038;p=501"},"modified":"2025-12-18T14:01:37","modified_gmt":"2025-12-18T14:01:37","slug":"dci-70d","status":"publish","type":"product","link":"https:\/\/www.at-os.com\/fr\/prodotto\/dci-70d\/","title":{"rendered":"DCI-70D"},"content":{"rendered":"","protected":false},"excerpt":{"rendered":"","protected":false},"featured_media":1053,"comment_status":"closed","ping_status":"closed","template":"","meta":{"_acf_changed":false,"inline_featured_image":false},"allegato":[],"caratteristica":[],"product_brand":[],"product_cat":[16,118,82],"product_tag":[],"class_list":{"0":"post-501","1":"product","2":"type-product","3":"status-publish","4":"has-post-thumbnail","6":"product_cat-medicale","7":"product_cat-porta-doppia-armadi-asciugatura","8":"product_cat-armadi-asciugatura","10":"first","11":"instock","12":"taxable","13":"shipping-taxable","14":"product-type-simple"},"acf":[],"yoast_head":"<!-- This site is optimized with the Yoast SEO plugin v24.5 - https:\/\/yoast.com\/wordpress\/plugins\/seo\/ -->\n<title>DCI-70D - Armadio per l\u2019asciugatura di strumenti chirurgici e circuiti respiratori per anestesia<\/title>\n<meta name=\"description\" content=\"Il DCI-70D \u00e8 un armadio di asciugatura rapida ad aria calda controllata per strumenti chirurgici. \u00c8 dotato di porta passante per ottimizzare ulteriormente il lavoro.  Equipaggiato con 10 ripiani, ha una capacit\u00e0 che arriva fino a 10 cestini DIN 1\/1. I ripiani sono completamente rimovibili per consentire una maggiore altezza per lo strumentario da asciugare.\" \/>\n<meta name=\"robots\" content=\"index, follow, max-snippet:-1, max-image-preview:large, max-video-preview:-1\" \/>\n<link rel=\"canonical\" href=\"https:\/\/www.at-os.com\/prodotto\/dci-70d\/\" \/>\n<meta property=\"og:locale\" content=\"fr_FR\" \/>\n<meta property=\"og:type\" content=\"article\" \/>\n<meta property=\"og:title\" content=\"DCI-70D - Armadio per l\u2019asciugatura di strumenti chirurgici e circuiti respiratori per anestesia\" \/>\n<meta property=\"og:description\" content=\"Il DCI-70D \u00e8 un armadio di asciugatura rapida ad aria calda controllata per strumenti chirurgici. \u00c8 dotato di porta passante per ottimizzare ulteriormente il lavoro.  Equipaggiato con 10 ripiani, ha una capacit\u00e0 che arriva fino a 10 cestini DIN 1\/1. I ripiani sono completamente rimovibili per consentire una maggiore altezza per lo strumentario da asciugare.\" \/>\n<meta property=\"og:url\" content=\"https:\/\/www.at-os.com\/prodotto\/dci-70d\/\" \/>\n<meta property=\"og:site_name\" content=\"AT-OS srl\" \/>\n<meta property=\"article:modified_time\" content=\"2025-12-18T14:01:37+00:00\" \/>\n<meta property=\"og:image\" content=\"https:\/\/www.at-os.com\/wp-content\/uploads\/2024\/11\/DCI-70D-1.png\" \/>\n\t<meta property=\"og:image:width\" content=\"1800\" \/>\n\t<meta property=\"og:image:height\" content=\"1013\" \/>\n\t<meta property=\"og:image:type\" content=\"image\/png\" \/>\n<meta name=\"twitter:card\" content=\"summary_large_image\" \/>\n<meta name=\"twitter:label1\" content=\"Est. reading time\" \/>\n\t<meta name=\"twitter:data1\" content=\"1 minute\" \/>\n<script type=\"application\/ld+json\" class=\"yoast-schema-graph\">{\"@context\":\"https:\/\/schema.org\",\"@graph\":[{\"@type\":\"WebPage\",\"@id\":\"https:\/\/www.at-os.com\/prodotto\/dci-70d\/\",\"url\":\"https:\/\/www.at-os.com\/prodotto\/dci-70d\/\",\"name\":\"DCI-70D - Armadio per l\u2019asciugatura di strumenti chirurgici e circuiti respiratori per anestesia\",\"isPartOf\":{\"@id\":\"https:\/\/www.at-os.com\/#website\"},\"primaryImageOfPage\":{\"@id\":\"https:\/\/www.at-os.com\/prodotto\/dci-70d\/#primaryimage\"},\"image\":{\"@id\":\"https:\/\/www.at-os.com\/prodotto\/dci-70d\/#primaryimage\"},\"thumbnailUrl\":\"https:\/\/www.at-os.com\/wp-content\/uploads\/2024\/11\/DCI-70D-1.png\",\"datePublished\":\"2024-11-26T16:09:28+00:00\",\"dateModified\":\"2025-12-18T14:01:37+00:00\",\"description\":\"Il DCI-70D \u00e8 un armadio di asciugatura rapida ad aria calda controllata per strumenti chirurgici. \u00c8 dotato di porta passante per ottimizzare ulteriormente il lavoro. Equipaggiato con 10 ripiani, ha una capacit\u00e0 che arriva fino a 10 cestini DIN 1\/1. I ripiani sono completamente rimovibili per consentire una maggiore altezza per lo strumentario da asciugare.\",\"breadcrumb\":{\"@id\":\"https:\/\/www.at-os.com\/prodotto\/dci-70d\/#breadcrumb\"},\"inLanguage\":\"fr-FR\",\"potentialAction\":[{\"@type\":\"ReadAction\",\"target\":[\"https:\/\/www.at-os.com\/prodotto\/dci-70d\/\"]}]},{\"@type\":\"ImageObject\",\"inLanguage\":\"fr-FR\",\"@id\":\"https:\/\/www.at-os.com\/prodotto\/dci-70d\/#primaryimage\",\"url\":\"https:\/\/www.at-os.com\/wp-content\/uploads\/2024\/11\/DCI-70D-1.png\",\"contentUrl\":\"https:\/\/www.at-os.com\/wp-content\/uploads\/2024\/11\/DCI-70D-1.png\",\"width\":1800,\"height\":1013},{\"@type\":\"BreadcrumbList\",\"@id\":\"https:\/\/www.at-os.com\/prodotto\/dci-70d\/#breadcrumb\",\"itemListElement\":[{\"@type\":\"ListItem\",\"position\":1,\"name\":\"Home\",\"item\":\"https:\/\/www.at-os.com\/\"},{\"@type\":\"ListItem\",\"position\":2,\"name\":\"Shop\",\"item\":\"https:\/\/www.at-os.com\/?page_id=1012\"},{\"@type\":\"ListItem\",\"position\":3,\"name\":\"DCI-70D\"}]},{\"@type\":\"WebSite\",\"@id\":\"https:\/\/www.at-os.com\/#website\",\"url\":\"https:\/\/www.at-os.com\/\",\"name\":\"AT-OS\",\"description\":\"\",\"publisher\":{\"@id\":\"https:\/\/www.at-os.com\/#organization\"},\"potentialAction\":[{\"@type\":\"SearchAction\",\"target\":{\"@type\":\"EntryPoint\",\"urlTemplate\":\"https:\/\/www.at-os.com\/?s={search_term_string}\"},\"query-input\":{\"@type\":\"PropertyValueSpecification\",\"valueRequired\":true,\"valueName\":\"search_term_string\"}}],\"inLanguage\":\"fr-FR\"},{\"@type\":\"Organization\",\"@id\":\"https:\/\/www.at-os.com\/#organization\",\"name\":\"AT-OS\",\"url\":\"https:\/\/www.at-os.com\/\",\"logo\":{\"@type\":\"ImageObject\",\"inLanguage\":\"fr-FR\",\"@id\":\"https:\/\/www.at-os.com\/#\/schema\/logo\/image\/\",\"url\":\"https:\/\/www.at-os.com\/wp-content\/uploads\/2024\/12\/Vector-8.png\",\"contentUrl\":\"https:\/\/www.at-os.com\/wp-content\/uploads\/2024\/12\/Vector-8.png\",\"width\":115,\"height\":115,\"caption\":\"AT-OS\"},\"image\":{\"@id\":\"https:\/\/www.at-os.com\/#\/schema\/logo\/image\/\"}}]}<\/script>\n<!-- \/ Yoast SEO plugin. -->","yoast_head_json":{"title":"DCI-70D - Armadio per l\u2019asciugatura di strumenti chirurgici e circuiti respiratori per anestesia","description":"Il DCI-70D \u00e8 un armadio di asciugatura rapida ad aria calda controllata per strumenti chirurgici. \u00c8 dotato di porta passante per ottimizzare ulteriormente il lavoro.  Equipaggiato con 10 ripiani, ha una capacit\u00e0 che arriva fino a 10 cestini DIN 1\/1. I ripiani sono completamente rimovibili per consentire una maggiore altezza per lo strumentario da asciugare.","robots":{"index":"index","follow":"follow","max-snippet":"max-snippet:-1","max-image-preview":"max-image-preview:large","max-video-preview":"max-video-preview:-1"},"canonical":"https:\/\/www.at-os.com\/prodotto\/dci-70d\/","og_locale":"fr_FR","og_type":"article","og_title":"DCI-70D - Armadio per l\u2019asciugatura di strumenti chirurgici e circuiti respiratori per anestesia","og_description":"Il DCI-70D \u00e8 un armadio di asciugatura rapida ad aria calda controllata per strumenti chirurgici. \u00c8 dotato di porta passante per ottimizzare ulteriormente il lavoro.  Equipaggiato con 10 ripiani, ha una capacit\u00e0 che arriva fino a 10 cestini DIN 1\/1. I ripiani sono completamente rimovibili per consentire una maggiore altezza per lo strumentario da asciugare.","og_url":"https:\/\/www.at-os.com\/prodotto\/dci-70d\/","og_site_name":"AT-OS srl","article_modified_time":"2025-12-18T14:01:37+00:00","og_image":[{"width":1800,"height":1013,"url":"https:\/\/www.at-os.com\/wp-content\/uploads\/2024\/11\/DCI-70D-1.png","type":"image\/png"}],"twitter_card":"summary_large_image","twitter_misc":{"Est. reading time":"1 minute"},"schema":{"@context":"https:\/\/schema.org","@graph":[{"@type":"WebPage","@id":"https:\/\/www.at-os.com\/prodotto\/dci-70d\/","url":"https:\/\/www.at-os.com\/prodotto\/dci-70d\/","name":"DCI-70D - Armadio per l\u2019asciugatura di strumenti chirurgici e circuiti respiratori per anestesia","isPartOf":{"@id":"https:\/\/www.at-os.com\/#website"},"primaryImageOfPage":{"@id":"https:\/\/www.at-os.com\/prodotto\/dci-70d\/#primaryimage"},"image":{"@id":"https:\/\/www.at-os.com\/prodotto\/dci-70d\/#primaryimage"},"thumbnailUrl":"https:\/\/www.at-os.com\/wp-content\/uploads\/2024\/11\/DCI-70D-1.png","datePublished":"2024-11-26T16:09:28+00:00","dateModified":"2025-12-18T14:01:37+00:00","description":"Il DCI-70D \u00e8 un armadio di asciugatura rapida ad aria calda controllata per strumenti chirurgici. \u00c8 dotato di porta passante per ottimizzare ulteriormente il lavoro. Equipaggiato con 10 ripiani, ha una capacit\u00e0 che arriva fino a 10 cestini DIN 1\/1. I ripiani sono completamente rimovibili per consentire una maggiore altezza per lo strumentario da asciugare.","breadcrumb":{"@id":"https:\/\/www.at-os.com\/prodotto\/dci-70d\/#breadcrumb"},"inLanguage":"fr-FR","potentialAction":[{"@type":"ReadAction","target":["https:\/\/www.at-os.com\/prodotto\/dci-70d\/"]}]},{"@type":"ImageObject","inLanguage":"fr-FR","@id":"https:\/\/www.at-os.com\/prodotto\/dci-70d\/#primaryimage","url":"https:\/\/www.at-os.com\/wp-content\/uploads\/2024\/11\/DCI-70D-1.png","contentUrl":"https:\/\/www.at-os.com\/wp-content\/uploads\/2024\/11\/DCI-70D-1.png","width":1800,"height":1013},{"@type":"BreadcrumbList","@id":"https:\/\/www.at-os.com\/prodotto\/dci-70d\/#breadcrumb","itemListElement":[{"@type":"ListItem","position":1,"name":"Home","item":"https:\/\/www.at-os.com\/"},{"@type":"ListItem","position":2,"name":"Shop","item":"https:\/\/www.at-os.com\/?page_id=1012"},{"@type":"ListItem","position":3,"name":"DCI-70D"}]},{"@type":"WebSite","@id":"https:\/\/www.at-os.com\/#website","url":"https:\/\/www.at-os.com\/","name":"AT-OS","description":"","publisher":{"@id":"https:\/\/www.at-os.com\/#organization"},"potentialAction":[{"@type":"SearchAction","target":{"@type":"EntryPoint","urlTemplate":"https:\/\/www.at-os.com\/?s={search_term_string}"},"query-input":{"@type":"PropertyValueSpecification","valueRequired":true,"valueName":"search_term_string"}}],"inLanguage":"fr-FR"},{"@type":"Organization","@id":"https:\/\/www.at-os.com\/#organization","name":"AT-OS","url":"https:\/\/www.at-os.com\/","logo":{"@type":"ImageObject","inLanguage":"fr-FR","@id":"https:\/\/www.at-os.com\/#\/schema\/logo\/image\/","url":"https:\/\/www.at-os.com\/wp-content\/uploads\/2024\/12\/Vector-8.png","contentUrl":"https:\/\/www.at-os.com\/wp-content\/uploads\/2024\/12\/Vector-8.png","width":115,"height":115,"caption":"AT-OS"},"image":{"@id":"https:\/\/www.at-os.com\/#\/schema\/logo\/image\/"}}]}},"_links":{"self":[{"href":"https:\/\/www.at-os.com\/fr\/wp-json\/wp\/v2\/product\/501","targetHints":{"allow":["GET"]}}],"collection":[{"href":"https:\/\/www.at-os.com\/fr\/wp-json\/wp\/v2\/product"}],"about":[{"href":"https:\/\/www.at-os.com\/fr\/wp-json\/wp\/v2\/types\/product"}],"replies":[{"embeddable":true,"href":"https:\/\/www.at-os.com\/fr\/wp-json\/wp\/v2\/comments?post=501"}],"wp:featuredmedia":[{"embeddable":true,"href":"https:\/\/www.at-os.com\/fr\/wp-json\/wp\/v2\/media\/1053"}],"wp:attachment":[{"href":"https:\/\/www.at-os.com\/fr\/wp-json\/wp\/v2\/media?parent=501"}],"wp:term":[{"taxonomy":"allegato","embeddable":true,"href":"https:\/\/www.at-os.com\/fr\/wp-json\/wp\/v2\/allegato?post=501"},{"taxonomy":"caratteristica","embeddable":true,"href":"https:\/\/www.at-os.com\/fr\/wp-json\/wp\/v2\/caratteristica?post=501"},{"taxonomy":"product_brand","embeddable":true,"href":"https:\/\/www.at-os.com\/fr\/wp-json\/wp\/v2\/product_brand?post=501"},{"taxonomy":"product_cat","embeddable":true,"href":"https:\/\/www.at-os.com\/fr\/wp-json\/wp\/v2\/product_cat?post=501"},{"taxonomy":"product_tag","embeddable":true,"href":"https:\/\/www.at-os.com\/fr\/wp-json\/wp\/v2\/product_tag?post=501"}],"curies":[{"name":"wp","href":"https:\/\/api.w.org\/{rel}","templated":true}]}}