{"id":281,"date":"2024-11-18T15:58:15","date_gmt":"2024-11-18T15:58:15","guid":{"rendered":"https:\/\/www.at-os.com\/?post_type=product&#038;p=281"},"modified":"2025-02-17T12:55:57","modified_gmt":"2025-02-17T12:55:57","slug":"awd655-15ad-sc-med","status":"publish","type":"product","link":"https:\/\/www.at-os.com\/fr\/prodotto\/awd655-15ad-sc-med\/","title":{"rendered":"AWD655-15AD-SC-MED"},"content":{"rendered":"","protected":false},"excerpt":{"rendered":"","protected":false},"featured_media":1247,"comment_status":"closed","ping_status":"closed","template":"","meta":{"_acf_changed":false,"inline_featured_image":false},"allegato":[],"caratteristica":[],"product_brand":[],"product_cat":[16,81,115,113,111,110,108,105],"product_tag":[],"class_list":{"0":"post-281","1":"product","2":"type-product","3":"status-publish","4":"has-post-thumbnail","6":"product_cat-medicale","7":"product_cat-lavastrumenti","8":"product_cat-capacita-grande","9":"product_cat-porta-doppia","10":"product_cat-porta-automatica-lavastrumenti","11":"product_cat-porta-vetro","12":"product_cat-con-asciugatura","13":"product_cat-speed-cycle","15":"first","16":"instock","17":"taxable","18":"shipping-taxable","19":"product-type-simple"},"acf":[],"yoast_head":"<!-- This site is optimized with the Yoast SEO plugin v24.5 - https:\/\/yoast.com\/wordpress\/plugins\/seo\/ -->\n<title>AWD655-15AD-SC-MED - Lavastrumenti con porta doppia automatica in vetro e asciugatura e un boiler<\/title>\n<meta name=\"description\" content=\"Lavastrumenti dotata di porta scorrevole automatica in doppio vetro temperato, per grandi reparti di sterilizzazione con 6 livelli di lavaggio e capacit\u00e0 di carico di 18 cestelli DIN. Nella macchina con due porte, da un lato viene caricato il carrello con gli strumenti sporchi (zona sporca), dall\u2019altra parte viene prelevato il carrello con gli strumenti puliti e disinfettati (zona pulita), al termine del lavaggio. Il pannello di controllo touch \u00e8 dotato di un display da 7&quot; nel lato di entrata del carrello e, nel lato di uscita, di un display da 3,5&quot;. Sono equipaggiate con un sistema ad aria filtrata, riscaldata elettricamente e forzata nella camera di lavaggio ed all&#039;interno degli strumenti cavi, per ottenere un eccellente risultato di asciugatura. Dotata di un boiler aggiuntivo che aiuta a ridurre il consumo di energia elettrica e ad aumentare l\u2019efficienza dell\u2019impianto. Per facilitare il carico e lo scarico dei carrelli, \u00e8 possibile utilizzare degli appositi carrelli manuali di trasporto. La macchina \u00e8 inoltre predisposta per sistema di carico e scarico automatico.  Una grande variet\u00e0 di accessori completa queste macchine, adatte a lavare e disinfettare tutti i tipi di strumenti chirurgici e accessori.\" \/>\n<meta name=\"robots\" content=\"index, follow, max-snippet:-1, max-image-preview:large, max-video-preview:-1\" \/>\n<link rel=\"canonical\" href=\"https:\/\/www.at-os.com\/prodotto\/awd655-15ad-sc-med\/\" \/>\n<meta property=\"og:locale\" content=\"fr_FR\" \/>\n<meta property=\"og:type\" content=\"article\" \/>\n<meta property=\"og:title\" content=\"AWD655-15AD-SC-MED - Lavastrumenti con porta doppia automatica in vetro e asciugatura e un boiler\" \/>\n<meta property=\"og:description\" content=\"Lavastrumenti dotata di porta scorrevole automatica in doppio vetro temperato, per grandi reparti di sterilizzazione con 6 livelli di lavaggio e capacit\u00e0 di carico di 18 cestelli DIN. Nella macchina con due porte, da un lato viene caricato il carrello con gli strumenti sporchi (zona sporca), dall\u2019altra parte viene prelevato il carrello con gli strumenti puliti e disinfettati (zona pulita), al termine del lavaggio. Il pannello di controllo touch \u00e8 dotato di un display da 7&quot; nel lato di entrata del carrello e, nel lato di uscita, di un display da 3,5&quot;. Sono equipaggiate con un sistema ad aria filtrata, riscaldata elettricamente e forzata nella camera di lavaggio ed all&#039;interno degli strumenti cavi, per ottenere un eccellente risultato di asciugatura. Dotata di un boiler aggiuntivo che aiuta a ridurre il consumo di energia elettrica e ad aumentare l\u2019efficienza dell\u2019impianto. Per facilitare il carico e lo scarico dei carrelli, \u00e8 possibile utilizzare degli appositi carrelli manuali di trasporto. La macchina \u00e8 inoltre predisposta per sistema di carico e scarico automatico.  Una grande variet\u00e0 di accessori completa queste macchine, adatte a lavare e disinfettare tutti i tipi di strumenti chirurgici e accessori.\" \/>\n<meta property=\"og:url\" content=\"https:\/\/www.at-os.com\/prodotto\/awd655-15ad-sc-med\/\" \/>\n<meta property=\"og:site_name\" content=\"AT-OS srl\" \/>\n<meta property=\"article:modified_time\" content=\"2025-02-17T12:55:57+00:00\" \/>\n<meta property=\"og:image\" content=\"https:\/\/www.at-os.com\/wp-content\/uploads\/2024\/11\/AWD655-15AD-SC-2SC-3SC.png\" \/>\n\t<meta property=\"og:image:width\" content=\"1800\" \/>\n\t<meta property=\"og:image:height\" content=\"1013\" \/>\n\t<meta property=\"og:image:type\" content=\"image\/png\" \/>\n<meta name=\"twitter:card\" content=\"summary_large_image\" \/>\n<meta name=\"twitter:label1\" content=\"Est. reading time\" \/>\n\t<meta name=\"twitter:data1\" content=\"1 minute\" \/>\n<script type=\"application\/ld+json\" class=\"yoast-schema-graph\">{\"@context\":\"https:\/\/schema.org\",\"@graph\":[{\"@type\":\"WebPage\",\"@id\":\"https:\/\/www.at-os.com\/prodotto\/awd655-15ad-sc-med\/\",\"url\":\"https:\/\/www.at-os.com\/prodotto\/awd655-15ad-sc-med\/\",\"name\":\"AWD655-15AD-SC-MED - Lavastrumenti con porta doppia automatica in vetro e asciugatura e un boiler\",\"isPartOf\":{\"@id\":\"https:\/\/www.at-os.com\/#website\"},\"primaryImageOfPage\":{\"@id\":\"https:\/\/www.at-os.com\/prodotto\/awd655-15ad-sc-med\/#primaryimage\"},\"image\":{\"@id\":\"https:\/\/www.at-os.com\/prodotto\/awd655-15ad-sc-med\/#primaryimage\"},\"thumbnailUrl\":\"https:\/\/www.at-os.com\/wp-content\/uploads\/2024\/11\/AWD655-15AD-SC-2SC-3SC.png\",\"datePublished\":\"2024-11-18T15:58:15+00:00\",\"dateModified\":\"2025-02-17T12:55:57+00:00\",\"description\":\"Lavastrumenti dotata di porta scorrevole automatica in doppio vetro temperato, per grandi reparti di sterilizzazione con 6 livelli di lavaggio e capacit\u00e0 di carico di 18 cestelli DIN. Nella macchina con due porte, da un lato viene caricato il carrello con gli strumenti sporchi (zona sporca), dall\u2019altra parte viene prelevato il carrello con gli strumenti puliti e disinfettati (zona pulita), al termine del lavaggio. Il pannello di controllo touch \u00e8 dotato di un display da 7\\\" nel lato di entrata del carrello e, nel lato di uscita, di un display da 3,5\\\". Sono equipaggiate con un sistema ad aria filtrata, riscaldata elettricamente e forzata nella camera di lavaggio ed all'interno degli strumenti cavi, per ottenere un eccellente risultato di asciugatura. Dotata di un boiler aggiuntivo che aiuta a ridurre il consumo di energia elettrica e ad aumentare l\u2019efficienza dell\u2019impianto. Per facilitare il carico e lo scarico dei carrelli, \u00e8 possibile utilizzare degli appositi carrelli manuali di trasporto. La macchina \u00e8 inoltre predisposta per sistema di carico e scarico automatico. Una grande variet\u00e0 di accessori completa queste macchine, adatte a lavare e disinfettare tutti i tipi di strumenti chirurgici e accessori.\",\"breadcrumb\":{\"@id\":\"https:\/\/www.at-os.com\/prodotto\/awd655-15ad-sc-med\/#breadcrumb\"},\"inLanguage\":\"fr-FR\",\"potentialAction\":[{\"@type\":\"ReadAction\",\"target\":[\"https:\/\/www.at-os.com\/prodotto\/awd655-15ad-sc-med\/\"]}]},{\"@type\":\"ImageObject\",\"inLanguage\":\"fr-FR\",\"@id\":\"https:\/\/www.at-os.com\/prodotto\/awd655-15ad-sc-med\/#primaryimage\",\"url\":\"https:\/\/www.at-os.com\/wp-content\/uploads\/2024\/11\/AWD655-15AD-SC-2SC-3SC.png\",\"contentUrl\":\"https:\/\/www.at-os.com\/wp-content\/uploads\/2024\/11\/AWD655-15AD-SC-2SC-3SC.png\",\"width\":1800,\"height\":1013},{\"@type\":\"BreadcrumbList\",\"@id\":\"https:\/\/www.at-os.com\/prodotto\/awd655-15ad-sc-med\/#breadcrumb\",\"itemListElement\":[{\"@type\":\"ListItem\",\"position\":1,\"name\":\"Home\",\"item\":\"https:\/\/www.at-os.com\/\"},{\"@type\":\"ListItem\",\"position\":2,\"name\":\"Shop\",\"item\":\"https:\/\/www.at-os.com\/?page_id=1012\"},{\"@type\":\"ListItem\",\"position\":3,\"name\":\"AWD655-15AD-SC-MED\"}]},{\"@type\":\"WebSite\",\"@id\":\"https:\/\/www.at-os.com\/#website\",\"url\":\"https:\/\/www.at-os.com\/\",\"name\":\"AT-OS\",\"description\":\"\",\"publisher\":{\"@id\":\"https:\/\/www.at-os.com\/#organization\"},\"potentialAction\":[{\"@type\":\"SearchAction\",\"target\":{\"@type\":\"EntryPoint\",\"urlTemplate\":\"https:\/\/www.at-os.com\/?s={search_term_string}\"},\"query-input\":{\"@type\":\"PropertyValueSpecification\",\"valueRequired\":true,\"valueName\":\"search_term_string\"}}],\"inLanguage\":\"fr-FR\"},{\"@type\":\"Organization\",\"@id\":\"https:\/\/www.at-os.com\/#organization\",\"name\":\"AT-OS\",\"url\":\"https:\/\/www.at-os.com\/\",\"logo\":{\"@type\":\"ImageObject\",\"inLanguage\":\"fr-FR\",\"@id\":\"https:\/\/www.at-os.com\/#\/schema\/logo\/image\/\",\"url\":\"https:\/\/www.at-os.com\/wp-content\/uploads\/2024\/12\/Vector-8.png\",\"contentUrl\":\"https:\/\/www.at-os.com\/wp-content\/uploads\/2024\/12\/Vector-8.png\",\"width\":115,\"height\":115,\"caption\":\"AT-OS\"},\"image\":{\"@id\":\"https:\/\/www.at-os.com\/#\/schema\/logo\/image\/\"}}]}<\/script>\n<!-- \/ Yoast SEO plugin. -->","yoast_head_json":{"title":"AWD655-15AD-SC-MED - Lavastrumenti con porta doppia automatica in vetro e asciugatura e un boiler","description":"Lavastrumenti dotata di porta scorrevole automatica in doppio vetro temperato, per grandi reparti di sterilizzazione con 6 livelli di lavaggio e capacit\u00e0 di carico di 18 cestelli DIN. Nella macchina con due porte, da un lato viene caricato il carrello con gli strumenti sporchi (zona sporca), dall\u2019altra parte viene prelevato il carrello con gli strumenti puliti e disinfettati (zona pulita), al termine del lavaggio. Il pannello di controllo touch \u00e8 dotato di un display da 7\" nel lato di entrata del carrello e, nel lato di uscita, di un display da 3,5\". Sono equipaggiate con un sistema ad aria filtrata, riscaldata elettricamente e forzata nella camera di lavaggio ed all'interno degli strumenti cavi, per ottenere un eccellente risultato di asciugatura. Dotata di un boiler aggiuntivo che aiuta a ridurre il consumo di energia elettrica e ad aumentare l\u2019efficienza dell\u2019impianto. Per facilitare il carico e lo scarico dei carrelli, \u00e8 possibile utilizzare degli appositi carrelli manuali di trasporto. La macchina \u00e8 inoltre predisposta per sistema di carico e scarico automatico.  Una grande variet\u00e0 di accessori completa queste macchine, adatte a lavare e disinfettare tutti i tipi di strumenti chirurgici e accessori.","robots":{"index":"index","follow":"follow","max-snippet":"max-snippet:-1","max-image-preview":"max-image-preview:large","max-video-preview":"max-video-preview:-1"},"canonical":"https:\/\/www.at-os.com\/prodotto\/awd655-15ad-sc-med\/","og_locale":"fr_FR","og_type":"article","og_title":"AWD655-15AD-SC-MED - Lavastrumenti con porta doppia automatica in vetro e asciugatura e un boiler","og_description":"Lavastrumenti dotata di porta scorrevole automatica in doppio vetro temperato, per grandi reparti di sterilizzazione con 6 livelli di lavaggio e capacit\u00e0 di carico di 18 cestelli DIN. Nella macchina con due porte, da un lato viene caricato il carrello con gli strumenti sporchi (zona sporca), dall\u2019altra parte viene prelevato il carrello con gli strumenti puliti e disinfettati (zona pulita), al termine del lavaggio. Il pannello di controllo touch \u00e8 dotato di un display da 7\" nel lato di entrata del carrello e, nel lato di uscita, di un display da 3,5\". Sono equipaggiate con un sistema ad aria filtrata, riscaldata elettricamente e forzata nella camera di lavaggio ed all'interno degli strumenti cavi, per ottenere un eccellente risultato di asciugatura. Dotata di un boiler aggiuntivo che aiuta a ridurre il consumo di energia elettrica e ad aumentare l\u2019efficienza dell\u2019impianto. Per facilitare il carico e lo scarico dei carrelli, \u00e8 possibile utilizzare degli appositi carrelli manuali di trasporto. La macchina \u00e8 inoltre predisposta per sistema di carico e scarico automatico.  Una grande variet\u00e0 di accessori completa queste macchine, adatte a lavare e disinfettare tutti i tipi di strumenti chirurgici e accessori.","og_url":"https:\/\/www.at-os.com\/prodotto\/awd655-15ad-sc-med\/","og_site_name":"AT-OS srl","article_modified_time":"2025-02-17T12:55:57+00:00","og_image":[{"width":1800,"height":1013,"url":"https:\/\/www.at-os.com\/wp-content\/uploads\/2024\/11\/AWD655-15AD-SC-2SC-3SC.png","type":"image\/png"}],"twitter_card":"summary_large_image","twitter_misc":{"Est. reading time":"1 minute"},"schema":{"@context":"https:\/\/schema.org","@graph":[{"@type":"WebPage","@id":"https:\/\/www.at-os.com\/prodotto\/awd655-15ad-sc-med\/","url":"https:\/\/www.at-os.com\/prodotto\/awd655-15ad-sc-med\/","name":"AWD655-15AD-SC-MED - Lavastrumenti con porta doppia automatica in vetro e asciugatura e un boiler","isPartOf":{"@id":"https:\/\/www.at-os.com\/#website"},"primaryImageOfPage":{"@id":"https:\/\/www.at-os.com\/prodotto\/awd655-15ad-sc-med\/#primaryimage"},"image":{"@id":"https:\/\/www.at-os.com\/prodotto\/awd655-15ad-sc-med\/#primaryimage"},"thumbnailUrl":"https:\/\/www.at-os.com\/wp-content\/uploads\/2024\/11\/AWD655-15AD-SC-2SC-3SC.png","datePublished":"2024-11-18T15:58:15+00:00","dateModified":"2025-02-17T12:55:57+00:00","description":"Lavastrumenti dotata di porta scorrevole automatica in doppio vetro temperato, per grandi reparti di sterilizzazione con 6 livelli di lavaggio e capacit\u00e0 di carico di 18 cestelli DIN. Nella macchina con due porte, da un lato viene caricato il carrello con gli strumenti sporchi (zona sporca), dall\u2019altra parte viene prelevato il carrello con gli strumenti puliti e disinfettati (zona pulita), al termine del lavaggio. Il pannello di controllo touch \u00e8 dotato di un display da 7\" nel lato di entrata del carrello e, nel lato di uscita, di un display da 3,5\". Sono equipaggiate con un sistema ad aria filtrata, riscaldata elettricamente e forzata nella camera di lavaggio ed all'interno degli strumenti cavi, per ottenere un eccellente risultato di asciugatura. Dotata di un boiler aggiuntivo che aiuta a ridurre il consumo di energia elettrica e ad aumentare l\u2019efficienza dell\u2019impianto. Per facilitare il carico e lo scarico dei carrelli, \u00e8 possibile utilizzare degli appositi carrelli manuali di trasporto. La macchina \u00e8 inoltre predisposta per sistema di carico e scarico automatico. Una grande variet\u00e0 di accessori completa queste macchine, adatte a lavare e disinfettare tutti i tipi di strumenti chirurgici e accessori.","breadcrumb":{"@id":"https:\/\/www.at-os.com\/prodotto\/awd655-15ad-sc-med\/#breadcrumb"},"inLanguage":"fr-FR","potentialAction":[{"@type":"ReadAction","target":["https:\/\/www.at-os.com\/prodotto\/awd655-15ad-sc-med\/"]}]},{"@type":"ImageObject","inLanguage":"fr-FR","@id":"https:\/\/www.at-os.com\/prodotto\/awd655-15ad-sc-med\/#primaryimage","url":"https:\/\/www.at-os.com\/wp-content\/uploads\/2024\/11\/AWD655-15AD-SC-2SC-3SC.png","contentUrl":"https:\/\/www.at-os.com\/wp-content\/uploads\/2024\/11\/AWD655-15AD-SC-2SC-3SC.png","width":1800,"height":1013},{"@type":"BreadcrumbList","@id":"https:\/\/www.at-os.com\/prodotto\/awd655-15ad-sc-med\/#breadcrumb","itemListElement":[{"@type":"ListItem","position":1,"name":"Home","item":"https:\/\/www.at-os.com\/"},{"@type":"ListItem","position":2,"name":"Shop","item":"https:\/\/www.at-os.com\/?page_id=1012"},{"@type":"ListItem","position":3,"name":"AWD655-15AD-SC-MED"}]},{"@type":"WebSite","@id":"https:\/\/www.at-os.com\/#website","url":"https:\/\/www.at-os.com\/","name":"AT-OS","description":"","publisher":{"@id":"https:\/\/www.at-os.com\/#organization"},"potentialAction":[{"@type":"SearchAction","target":{"@type":"EntryPoint","urlTemplate":"https:\/\/www.at-os.com\/?s={search_term_string}"},"query-input":{"@type":"PropertyValueSpecification","valueRequired":true,"valueName":"search_term_string"}}],"inLanguage":"fr-FR"},{"@type":"Organization","@id":"https:\/\/www.at-os.com\/#organization","name":"AT-OS","url":"https:\/\/www.at-os.com\/","logo":{"@type":"ImageObject","inLanguage":"fr-FR","@id":"https:\/\/www.at-os.com\/#\/schema\/logo\/image\/","url":"https:\/\/www.at-os.com\/wp-content\/uploads\/2024\/12\/Vector-8.png","contentUrl":"https:\/\/www.at-os.com\/wp-content\/uploads\/2024\/12\/Vector-8.png","width":115,"height":115,"caption":"AT-OS"},"image":{"@id":"https:\/\/www.at-os.com\/#\/schema\/logo\/image\/"}}]}},"_links":{"self":[{"href":"https:\/\/www.at-os.com\/fr\/wp-json\/wp\/v2\/product\/281","targetHints":{"allow":["GET"]}}],"collection":[{"href":"https:\/\/www.at-os.com\/fr\/wp-json\/wp\/v2\/product"}],"about":[{"href":"https:\/\/www.at-os.com\/fr\/wp-json\/wp\/v2\/types\/product"}],"replies":[{"embeddable":true,"href":"https:\/\/www.at-os.com\/fr\/wp-json\/wp\/v2\/comments?post=281"}],"wp:featuredmedia":[{"embeddable":true,"href":"https:\/\/www.at-os.com\/fr\/wp-json\/wp\/v2\/media\/1247"}],"wp:attachment":[{"href":"https:\/\/www.at-os.com\/fr\/wp-json\/wp\/v2\/media?parent=281"}],"wp:term":[{"taxonomy":"allegato","embeddable":true,"href":"https:\/\/www.at-os.com\/fr\/wp-json\/wp\/v2\/allegato?post=281"},{"taxonomy":"caratteristica","embeddable":true,"href":"https:\/\/www.at-os.com\/fr\/wp-json\/wp\/v2\/caratteristica?post=281"},{"taxonomy":"product_brand","embeddable":true,"href":"https:\/\/www.at-os.com\/fr\/wp-json\/wp\/v2\/product_brand?post=281"},{"taxonomy":"product_cat","embeddable":true,"href":"https:\/\/www.at-os.com\/fr\/wp-json\/wp\/v2\/product_cat?post=281"},{"taxonomy":"product_tag","embeddable":true,"href":"https:\/\/www.at-os.com\/fr\/wp-json\/wp\/v2\/product_tag?post=281"}],"curies":[{"name":"wp","href":"https:\/\/api.w.org\/{rel}","templated":true}]}}